{"id":135,"date":"2022-05-05T20:25:30","date_gmt":"2022-05-05T18:25:30","guid":{"rendered":"http:\/\/www.amirro.cz\/?page_id=135"},"modified":"2026-03-25T13:05:39","modified_gmt":"2026-03-25T12:05:39","slug":"kariera","status":"publish","type":"page","link":"https:\/\/amirro.cz\/de\/kariera\/","title":{"rendered":"Karriere"},"content":{"rendered":"<p><\/p>\n<h1>Aktuell suchen wir:<\/h1>\n<p>M\u00c4NNER &#8211; Jobposition CUTTER AND BREAKER<\/p>\n<p>PRODUKTIONSARBEITNEHMER (M\u00c4NNER UND FRAUEN) &#8211; Arbeitsposition &#8211;<\/p>\n<p>SCHLEIFMASCHINE, VERPACKER, HANDHABER<\/p>\n<p>MECHANIKER UND CNC-MASCHINENEINSTELLER<\/p>\n<p>HERSTELLUNG VON HOLZVERPACKUNGEN;<\/p>\n<p>Wir ben\u00f6tigen:<\/p>\n<p>Verantwortungsvoller Umgang mit der Arbeit<\/p>\n<p>Ein- und Zweischichtbetrieb<\/p>\n<p>Wir bieten:<\/p>\n<p>Stabiler ArbeitsplatzRegelm\u00e4\u00dfiges Gehalt, pers\u00f6nliche Bewertung und Jahresboni<\/p>\n<p>Essensgutscheine Angenehmes Team, fairer Umgang Einfache Erreichbarkeit &#8211; in der N\u00e4he des Bahnhofs \u010cel\u00e1kovice-Ji\u0159ina<\/p>\n<p>Rufen Sie die Telefonnummer an: 731 335 545 oder schreiben Sie an die E-Mail: info@amirro.cz<\/p>\n<p><\/p>","protected":false},"excerpt":{"rendered":"<p>Aktuell suchen wir: M\u00c4NNER &#8211; Jobposition CUTTER AND BREAKER PRODUKTIONSARBEITNEHMER (M\u00c4NNER UND FRAUEN) &#8211; Arbeitsposition &#8211; SCHLEIFMASCHINE, VERPACKER, HANDHABER MECHANIKER UND CNC-MASCHINENEINSTELLER HERSTELLUNG VON HOLZVERPACKUNGEN; Wir ben\u00f6tigen: Verantwortungsvoller Umgang mit der Arbeit Ein- und Zweischichtbetrieb Wir bieten: Stabiler ArbeitsplatzRegelm\u00e4\u00dfiges Gehalt, pers\u00f6nliche Bewertung und Jahresboni Essensgutscheine Angenehmes Team, fairer Umgang Einfache Erreichbarkeit &#8211; in der N\u00e4he des Bahnhofs \u010cel\u00e1kovice-Ji\u0159ina Rufen Sie&#8230;<\/p>\n","protected":false},"author":1,"featured_media":0,"parent":0,"menu_order":7,"comment_status":"closed","ping_status":"closed","template":"page-text.php","meta":{"_acf_changed":false,"footnotes":""},"class_list":["post-135","page","type-page","status-publish","hentry"],"acf":[],"_links":{"self":[{"href":"https:\/\/amirro.cz\/de\/wp-json\/wp\/v2\/pages\/135","targetHints":{"allow":["GET"]}}],"collection":[{"href":"https:\/\/amirro.cz\/de\/wp-json\/wp\/v2\/pages"}],"about":[{"href":"https:\/\/amirro.cz\/de\/wp-json\/wp\/v2\/types\/page"}],"author":[{"embeddable":true,"href":"https:\/\/amirro.cz\/de\/wp-json\/wp\/v2\/users\/1"}],"replies":[{"embeddable":true,"href":"https:\/\/amirro.cz\/de\/wp-json\/wp\/v2\/comments?post=135"}],"version-history":[{"count":27,"href":"https:\/\/amirro.cz\/de\/wp-json\/wp\/v2\/pages\/135\/revisions"}],"predecessor-version":[{"id":3046,"href":"https:\/\/amirro.cz\/de\/wp-json\/wp\/v2\/pages\/135\/revisions\/3046"}],"wp:attachment":[{"href":"https:\/\/amirro.cz\/de\/wp-json\/wp\/v2\/media?parent=135"}],"curies":[{"name":"wp","href":"https:\/\/api.w.org\/{rel}","templated":true}]}}