{"id":135,"date":"2022-05-05T20:25:30","date_gmt":"2022-05-05T18:25:30","guid":{"rendered":"http:\/\/www.amirro.cz\/?page_id=135"},"modified":"2026-04-28T13:55:47","modified_gmt":"2026-04-28T11:55:47","slug":"kariera","status":"publish","type":"page","link":"https:\/\/amirro.cz\/en\/kariera\/","title":{"rendered":"Career"},"content":{"rendered":"<p><\/p>\n<h2><span style=\"font-size: 24pt;\"><strong>We are currently looking for:<\/strong><\/span><\/h2>\n<p><strong>MEN \u2013 job position CUTTER AND BREAKER<\/strong><br \/>\n<strong>PRODUCTION WORKERS (MEN AND WOMEN) \u2013 jobs \u2013 CUTTER, PACKER, MANIPULATOR <\/strong><br \/>\n<strong>CNC MACHINE MECHANIC AND SETTER<\/strong><br \/>\n<strong>MANUFACTURE OF WOODEN PACKAGING; HANDYMAN<\/strong><\/p>\n<p>Require:<br \/>\nResponsible approach to work<br \/>\nOne-shift and two-shift operation<br \/>\nDiligence and skill<\/p>\n<p>Offer:<br \/>\nStable employment<br \/>\nRegular salary, personal remuneration and annual bonuses<br \/>\nMeal vouchers<br \/>\nPleasant team, fair dealing<br \/>\nEasy access \u2013 close to \u010cel\u00e1kovice-Ji\u0159ina train station<\/p>\n<p>Call the phone number: 731 335 545 or write to e-mail: <a href=\"mailto:info@amirro.cz\">info@amirro.cz<\/a><\/p>\n<p><\/p>","protected":false},"excerpt":{"rendered":"<p>We are currently looking for: MEN \u2013 job position CUTTER AND BREAKER PRODUCTION WORKERS (MEN AND WOMEN) \u2013 jobs \u2013 CUTTER, PACKER, MANIPULATOR CNC MACHINE MECHANIC AND SETTER MANUFACTURE OF WOODEN PACKAGING; HANDYMAN Require: Responsible approach to work One-shift and two-shift operation Diligence and skill Offer: Stable employment Regular salary, personal remuneration and annual bonuses Meal vouchers Pleasant team, fair&#8230;<\/p>\n","protected":false},"author":1,"featured_media":0,"parent":0,"menu_order":7,"comment_status":"closed","ping_status":"closed","template":"page-text.php","meta":{"_acf_changed":false,"footnotes":""},"class_list":["post-135","page","type-page","status-publish","hentry"],"acf":[],"_links":{"self":[{"href":"https:\/\/amirro.cz\/en\/wp-json\/wp\/v2\/pages\/135","targetHints":{"allow":["GET"]}}],"collection":[{"href":"https:\/\/amirro.cz\/en\/wp-json\/wp\/v2\/pages"}],"about":[{"href":"https:\/\/amirro.cz\/en\/wp-json\/wp\/v2\/types\/page"}],"author":[{"embeddable":true,"href":"https:\/\/amirro.cz\/en\/wp-json\/wp\/v2\/users\/1"}],"replies":[{"embeddable":true,"href":"https:\/\/amirro.cz\/en\/wp-json\/wp\/v2\/comments?post=135"}],"version-history":[{"count":28,"href":"https:\/\/amirro.cz\/en\/wp-json\/wp\/v2\/pages\/135\/revisions"}],"predecessor-version":[{"id":3603,"href":"https:\/\/amirro.cz\/en\/wp-json\/wp\/v2\/pages\/135\/revisions\/3603"}],"wp:attachment":[{"href":"https:\/\/amirro.cz\/en\/wp-json\/wp\/v2\/media?parent=135"}],"curies":[{"name":"wp","href":"https:\/\/api.w.org\/{rel}","templated":true}]}}